{"id":1088,"date":"2025-04-04T10:28:33","date_gmt":"2025-04-04T10:28:33","guid":{"rendered":"https:\/\/polestarpilates.lt\/product\/polestar-pilates-egzaminas\/"},"modified":"2025-12-16T10:22:04","modified_gmt":"2025-12-16T10:22:04","slug":"polestar-pilates-exam","status":"publish","type":"product","link":"https:\/\/polestarpilates.lt\/en\/product\/polestar-pilates-exam\/","title":{"rendered":"Polestar Pilates Exam"},"content":{"rendered":"\t\t<div data-elementor-type=\"wp-post\" data-elementor-id=\"1088\" class=\"elementor elementor-1088 elementor-129\">\n\t\t\t\t<div class=\"wd-negative-gap elementor-element elementor-element-004587f e-flex e-con-boxed e-con e-parent\" data-id=\"004587f\" data-element_type=\"container\">\n\t\t\t\t\t<div class=\"e-con-inner\">\n\t\t\t\t<div class=\"elementor-element elementor-element-de7f773 e-n-tabs-mobile elementor-widget elementor-widget-n-tabs\" data-id=\"de7f773\" data-element_type=\"widget\" data-settings=\"{&quot;horizontal_scroll&quot;:&quot;disable&quot;}\" data-widget_type=\"nested-tabs.default\">\n\t\t\t\t<div class=\"elementor-widget-container\">\n\t\t\t\t\t\t\t<div class=\"e-n-tabs\" data-widget-number=\"233305971\" aria-label=\"Tabs. Open items with Enter or Space, close with Escape and navigate using the Arrow keys.\">\n\t\t\t<div class=\"e-n-tabs-heading\" role=\"tablist\">\n\t\t\t\t\t<button id=\"e-n-tab-title-2333059711\" data-tab-title-id=\"e-n-tab-title-2333059711\" class=\"e-n-tab-title\" aria-selected=\"true\" data-tab-index=\"1\" role=\"tab\" tabindex=\"0\" aria-controls=\"e-n-tab-content-2333059711\" style=\"--n-tabs-title-order: 1;\">\n\t\t\t\t\t\t<span class=\"e-n-tab-title-text\">\n\t\t\t\tDescription\t\t\t<\/span>\n\t\t<\/button>\n\t\t\t\t<button id=\"e-n-tab-title-2333059712\" data-tab-title-id=\"e-n-tab-title-2333059712\" class=\"e-n-tab-title\" aria-selected=\"false\" data-tab-index=\"2\" role=\"tab\" tabindex=\"-1\" aria-controls=\"e-n-tab-content-2333059712\" style=\"--n-tabs-title-order: 2;\">\n\t\t\t\t\t\t<span class=\"e-n-tab-title-text\">\n\t\t\t\tProgramme\t\t\t<\/span>\n\t\t<\/button>\n\t\t\t\t<button id=\"e-n-tab-title-2333059713\" data-tab-title-id=\"e-n-tab-title-2333059713\" class=\"e-n-tab-title\" aria-selected=\"false\" data-tab-index=\"3\" role=\"tab\" tabindex=\"-1\" aria-controls=\"e-n-tab-content-2333059713\" style=\"--n-tabs-title-order: 3;\">\n\t\t\t\t\t\t<span class=\"e-n-tab-title-text\">\n\t\t\t\tPrice\t\t\t<\/span>\n\t\t<\/button>\n\t\t\t\t<button id=\"e-n-tab-title-2333059714\" data-tab-title-id=\"e-n-tab-title-2333059714\" class=\"e-n-tab-title\" aria-selected=\"false\" data-tab-index=\"4\" role=\"tab\" tabindex=\"-1\" aria-controls=\"e-n-tab-content-2333059714\" style=\"--n-tabs-title-order: 4;\">\n\t\t\t\t\t\t<span class=\"e-n-tab-title-text\">\n\t\t\t\tReviews\t\t\t<\/span>\n\t\t<\/button>\n\t\t\t\t\t<\/div>\n\t\t\t<div class=\"e-n-tabs-content\">\n\t\t\t\t<div id=\"e-n-tab-content-2333059711\" role=\"tabpanel\" aria-labelledby=\"e-n-tab-title-2333059711\" data-tab-index=\"1\" style=\"--n-tabs-title-order: 1;\" class=\"e-active elementor-element elementor-element-23f2066 e-con-full e-flex e-con e-child\" data-id=\"23f2066\" data-element_type=\"container\">\n\t\t<div class=\"wd-negative-gap elementor-element elementor-element-e19caae e-flex e-con-boxed e-con e-child\" data-id=\"e19caae\" data-element_type=\"container\">\n\t\t\t\t\t<div class=\"e-con-inner\">\n\t\t\t\t<div class=\"elementor-element elementor-element-c7e070b elementor-widget elementor-widget-wd_text_block\" data-id=\"c7e070b\" data-element_type=\"widget\" data-widget_type=\"wd_text_block.default\">\n\t\t\t\t<div class=\"elementor-widget-container\">\n\t\t\t\t\t\t\t<div class=\"wd-text-block reset-last-child text-left\">\n\t\t\t\n\t\t\t<h2>Polestar Pilates Exam<\/h2><p>Polestar Pilates mokymai supa\u017eindina su visais svarbiausiais aspektais, reikalingais norint tapti visapusi\u0161ku ir profesionaliu pilates instruktoriumi. Programos metu ugdome kliento \u012fvertinimo, bendravimo, mokymo bei asmeninio demonstravimo \u012fg\u016bd\u017eius. <\/p><p>Polestar studentai kvie\u010diami laikyti egzamin\u0105 pra\u0117jus ma\u017edaug 6\u201312 m\u0117nesi\u0173 po kurso baigimo. \u0160is laikotarpis skirtas praktikai \u2013 asmenini\u0173 praktini\u0173 bei mokymo \u012fg\u016bd\u017ei\u0173 tobulinimui ir kurso med\u017eiagos \u012fsisavinimui. <\/p><p>I\u0161laik\u0119 egzamin\u0105, studentai gauna tarptautin\u012f <strong>Polestar Pilates sertifikat\u0105<\/strong> (Pilates Mat, Comprehensive Studio, Pilates Reformer kurs\u0173), kuris pripa\u017e\u012fstamas daugiau nei 50 pasaulio \u0161ali\u0173 sertifikuot\u0173 treneri\u0173 registre svetain\u0117je www.polestarpilates.com. Tokiu b\u016bdu jie tampa Polestar Pilates International profesional\u0173 komandos nariais. <\/p><p>Egzaminas susideda i\u0161 keturi\u0173 dali\u0173. Norint s\u0117kmingai j\u012f i\u0161laikyti, b\u016btina pasiekti ne ma\u017eesn\u012f kaip 80 % kiekvienos dalies rezultat\u0105. <\/p>\n\t\t\t\t\t<\/div>\n\t\t\t\t\t\t<\/div>\n\t\t\t\t<\/div>\n\t\t\t\t\t<\/div>\n\t\t\t\t<\/div>\n\t\t\t\t<\/div>\n\t\t<div id=\"e-n-tab-content-2333059712\" role=\"tabpanel\" aria-labelledby=\"e-n-tab-title-2333059712\" data-tab-index=\"2\" style=\"--n-tabs-title-order: 2;\" class=\" elementor-element elementor-element-72c1f86 e-con-full e-flex e-con e-child\" data-id=\"72c1f86\" data-element_type=\"container\">\n\t\t<div class=\"wd-negative-gap elementor-element elementor-element-8998eb5 e-flex e-con-boxed e-con e-child\" data-id=\"8998eb5\" data-element_type=\"container\">\n\t\t\t\t\t<div class=\"e-con-inner\">\n\t\t\t\t<div class=\"elementor-element elementor-element-e488fcf elementor-widget elementor-widget-wd_text_block\" data-id=\"e488fcf\" data-element_type=\"widget\" data-widget_type=\"wd_text_block.default\">\n\t\t\t\t<div class=\"elementor-widget-container\">\n\t\t\t\t\t\t\t<div class=\"wd-text-block reset-last-child text-left\">\n\t\t\t\n\t\t\t<p><strong>Egzaminas Polestar Pilates Mat<\/strong>.<br>Egzamino trukm\u0117 - 1 diena<\/p><p><strong>Egzaminas susideda:<\/strong><br>Testas ra\u0161tu, susideda i\u0161 50 klausim\u0173.<br>2 grupini\u0173 pamok\u0173 sekos sudarymas konkre\u010dioms grup\u0117ms.<br>Asmenin\u0117s praktikos demonstravimas pamokos metu ant Mat.<br>Mokymo \u012fg\u016bd\u017ei\u0173 demonstravimas skirtingo lygio grup\u0117se, \u012fskaitant verbalines, vizualines, vaizdines, \u200b\u200blietimo komandas pagal Polestar Pilates Education vidinius reikalavimus.<\/p><p><strong>Pri\u0117mimo \u012f Polestar Pilates Mat egzamin\u0105 s\u0105lygos:<\/strong><\/p><p>Polestar Pilates Jud\u0117jimo principai<br>Polestar Pilates Mat 1, 2, 3 moduliai<br>Polestar Functional Testing (Fitness-testavimas)<br>Anatomijos kursai (min. 8 val.)<br>Pilnai u\u017epildytas studento logbook<\/p><p><strong>Egzaminas Polestar Pilates Comprehensive Studio.<\/strong><br>Egzamino trukm\u0117 - 2 dienas<\/p><p><strong>Egzaminas susideda:<\/strong><br>Testas ra\u0161tu, susideda i\u0161 50 klausim\u0173<br>Kliento fitnes-testavimo analiz\u0117, kliento problem\u0173 nustatymas, 3 tobulinimosi treniruo\u010di\u0173 sek\u0173 sudarymas naudojant vis\u0105 \u012frang\u0105 ir pratimus ant kilim\u0117lio<br>Asmenin\u0117s praktikos demonstravimas ant \u012frangos ir Mat<br>Mokymo \u012fg\u016bd\u017ei\u0173 demonstravimas grup\u0117je ir asmeni\u0161kai \u012fvairaus lygio klientams, \u012fskaitant verbalines, vizualines, vaizdines, \u200b\u200blietimo komandas pagal Polestar Pilates Education vidinius reikalavimus.<\/p><p><strong>Pri\u0117mimo \u012f Polestar Pilates Comprehensive Studio egzamin\u0105 s\u0105lygos:<\/strong><br>Polestar Pilates Jud\u0117jimo principai<br>Polestar Pilates Comprehensive visi 6 moduliai<br>Polestar Functional Testing (Fitness-testavimas)<br>Anatomijos kursai (min. 8 val.)<br>Pilnai u\u017epildytas studento logbook<\/p><p><strong>Egzaminas Polestar Pilates Reformer<\/strong>. 2025 m. lapkri\u010dio 15 d.<br>Egzamino trukm\u0117 - 1 diena  <br><strong>Egzaminas susideda:<\/strong><br>Testas ra\u0161tu, susideda i\u0161 50 klausim\u0173.<br>2 grupini\u0173 Reformer pamok\u0173 sekos sudarymas konkre\u010dioms grup\u0117ms.<br>Asmenin\u0117s praktikos demonstravimas pamokos metu ant Reformer.<br>Mokymo \u012fg\u016bd\u017ei\u0173 demonstravimas skirtingo lygio grup\u0117se, \u012fskaitant verbalines, vizualines, vaizdines, \u200b\u200blietimo komandas pagal Polestar Pilates Education vidinius reikalavimus.<\/p><p><strong>Pri\u0117mimo \u012f Polestar Pilates Reformer egzamin\u0105 s\u0105lygos:<\/strong><br>Polestar Pilates Jud\u0117jimo principai<br>Polestar Pilates Reformer 1, 2, 3 moduliai<br>Polestar Functional Testing (Fitness-testavimas)<br>Anatomijos kursai (min. 8 val.)<br>Pilnai u\u017epildytas studento logbook<\/p><p><strong>Bendros rekomendacijos:<\/strong><br>I\u0161laikyti egzamino proced\u016br\u0105 per 2 metus ir ne anks\u010diau kaip po \u0161e\u0161i\u0173 m\u0117nesi\u0173 po studij\u0173 baigimo.<br>Jei nepavyko i\u0161laikyti egzamino proced\u016bros per 2 metus, rekomenduojama kartoti kursus. Pakartotinai i\u0161klausyti kursus dar kart\u0105 suteikiama 50% nuolaid\u0105. <\/p>\n\t\t\t\t\t<\/div>\n\t\t\t\t\t\t<\/div>\n\t\t\t\t<\/div>\n\t\t\t\t\t<\/div>\n\t\t\t\t<\/div>\n\t\t\t\t<\/div>\n\t\t<div id=\"e-n-tab-content-2333059713\" role=\"tabpanel\" aria-labelledby=\"e-n-tab-title-2333059713\" data-tab-index=\"3\" style=\"--n-tabs-title-order: 3;\" class=\" elementor-element elementor-element-4330d1f e-con-full e-flex e-con e-child\" data-id=\"4330d1f\" data-element_type=\"container\">\n\t\t<div class=\"wd-negative-gap elementor-element elementor-element-5262c04 e-flex e-con-boxed e-con e-child\" data-id=\"5262c04\" data-element_type=\"container\">\n\t\t\t\t\t<div class=\"e-con-inner\">\n\t\t\t\t<div class=\"elementor-element elementor-element-0d8c540 elementor-widget elementor-widget-wd_text_block\" data-id=\"0d8c540\" data-element_type=\"widget\" data-widget_type=\"wd_text_block.default\">\n\t\t\t\t<div class=\"elementor-widget-container\">\n\t\t\t\t\t\t\t<div class=\"wd-text-block reset-last-child text-left\">\n\t\t\t\n\t\t\t<p>Norint u\u017esiregistruoti \u012f egzamin\u0105, pra\u0161ome sumok\u0117ti avans\u0105 \u2013 100 eur\u0173. Likusi\u0105 sum\u0105 gal\u0117site sumok\u0117ti likus 2 m\u0117n. iki egzamino datos.  <\/p><p>Avansin\u012f mok\u0117jim\u0105 gal\u0117site sumok\u0117ti atlikus registracij\u0105.<\/p><p><strong>Egzaminas Polestar\u00ae Pilates Mat kaina<\/strong> - 400 Eur<\/p><p><strong>Egzaminas Polestar\u00ae Pilates Reformer kaina<\/strong> - 400 Eur<\/p><p><strong>Egzaminas Polestar\u00ae Pilates Studio kaina<\/strong> - 500 Eur<\/p>\n\t\t\t\t\t<\/div>\n\t\t\t\t\t\t<\/div>\n\t\t\t\t<\/div>\n\t\t\t\t\t<\/div>\n\t\t\t\t<\/div>\n\t\t\t\t<\/div>\n\t\t<div id=\"e-n-tab-content-2333059714\" role=\"tabpanel\" aria-labelledby=\"e-n-tab-title-2333059714\" data-tab-index=\"4\" style=\"--n-tabs-title-order: 4;\" class=\" elementor-element elementor-element-ba44d9b e-con-full e-flex e-con e-child\" data-id=\"ba44d9b\" data-element_type=\"container\">\n\t\t<div class=\"wd-negative-gap elementor-element elementor-element-e76920b e-flex e-con-boxed e-con e-child\" data-id=\"e76920b\" data-element_type=\"container\">\n\t\t\t\t\t<div class=\"e-con-inner\">\n\t\t\t\t<div class=\"elementor-element elementor-element-0e0f8bd elementor-widget elementor-widget-wd_text_block\" data-id=\"0e0f8bd\" data-element_type=\"widget\" data-widget_type=\"wd_text_block.default\">\n\t\t\t\t<div class=\"elementor-widget-container\">\n\t\t\t\t\t\t\t<div class=\"wd-text-block reset-last-child text-left\">\n\t\t\t\n\t\t\t<div class=\"wc-reviews-shortcode\" id=\"tab-reviews\"><div id=\"reviews\" class=\"woocommerce-Reviews\" data-product-id=\"1088\">\n\t\n\t<div id=\"comments\">\n\t\t<div class=\"wd-reviews-heading\">\n\t\t\t<div class=\"wd-reviews-tools\">\n\t\t\t\t<h2 class=\"woocommerce-Reviews-title\">\n\t\t\t\t\tReviews\t\t\t\t<\/h2>\n\n\t\t\t\t\t\t\t<\/div>\n\n\t\t\t\t\t<\/div>\n\n\t\t<div class=\"wd-reviews-content\">\n\t\t\t\t\t\t\t<p class=\"woocommerce-noreviews\">There are no reviews yet.<\/p>\n\t\t\t\t\t<\/div>\n\n\t\t<div class=\"wd-loader-overlay wd-fill\"><\/div>\n\t<\/div>\n\n\t\t\t<div id=\"review_form_wrapper\">\n\t\t\t<div id=\"review_form\">\n\t\t\t\t\t<div id=\"respond\" class=\"comment-respond\">\n\t\t<span id=\"reply-title\" class=\"comment-reply-title title\" role=\"heading\" aria-level=\"3\">Be the first to review &ldquo;Polestar Pilates Exam&rdquo; <small><a rel=\"nofollow\" id=\"cancel-comment-reply-link\" href=\"\/en\/wp-json\/wp\/v2\/product\/1088#respond\" style=\"display:none;\">Cancel reply<\/a><\/small><\/span><form action=\"https:\/\/polestarpilates.lt\/wp-comments-post.php\" method=\"post\" id=\"commentform\" class=\"comment-form\"><p class=\"comment-notes\"><span id=\"email-notes\">Your email address will not be published.<\/span> <span class=\"required-field-message\">Required fields are marked <span class=\"required\">*<\/span><\/span><\/p><div class=\"comment-form-rating\"><label for=\"rating\" id=\"comment-form-rating-label\">Your rating&nbsp;<span class=\"required\">*<\/span><\/label><select name=\"rating\" id=\"rating\" required>\n\t\t\t\t\t\t<option value=\"\">Rate&hellip;<\/option>\n\t\t\t\t\t\t<option value=\"5\">Perfect<\/option>\n\t\t\t\t\t\t<option value=\"4\">Good<\/option>\n\t\t\t\t\t\t<option value=\"3\">Average<\/option>\n\t\t\t\t\t\t<option value=\"2\">Not that bad<\/option>\n\t\t\t\t\t\t<option value=\"1\">Very poor<\/option>\n\t\t\t\t\t<\/select><\/div><p class=\"comment-form-comment\"><label for=\"comment\">Your review&nbsp;<span class=\"required\">*<\/span><\/label><textarea id=\"comment\" name=\"comment\" cols=\"45\" rows=\"8\" required><\/textarea><\/p><input name=\"wpml_language_code\" type=\"hidden\" value=\"en\" \/><p class=\"comment-form-author\"><label for=\"author\">Name&nbsp;<span class=\"required\">*<\/span><\/label><input id=\"author\" name=\"author\" type=\"text\" autocomplete=\"name\" value=\"\" size=\"30\" required \/><\/p>\n<p class=\"comment-form-email\"><label for=\"email\">Email&nbsp;<span class=\"required\">*<\/span><\/label><input id=\"email\" name=\"email\" type=\"email\" autocomplete=\"email\" value=\"\" size=\"30\" required \/><\/p>\n<p class=\"comment-form-cookies-consent\"><input id=\"wp-comment-cookies-consent\" name=\"wp-comment-cookies-consent\" type=\"checkbox\" value=\"yes\" \/> <label for=\"wp-comment-cookies-consent\">Save my name, email, and website in this browser for the next time I comment.<\/label><\/p>\n<p class=\"form-submit\"><input name=\"submit\" type=\"submit\" id=\"submit\" class=\"submit\" value=\"Submit\" \/> <input type='hidden' name='comment_post_ID' value='1088' id='comment_post_ID' \/>\n<input type='hidden' name='comment_parent' id='comment_parent' value='0' \/>\n<\/p><\/form>\t<\/div><!-- #respond -->\n\t\t\t\t<\/div>\n\t\t<\/div>\n\t<\/div>\n<\/div>\n\t\t\t\t\t<\/div>\n\t\t\t\t\t\t<\/div>\n\t\t\t\t<\/div>\n\t\t\t\t\t<\/div>\n\t\t\t\t<\/div>\n\t\t\t\t<\/div>\n\t\t\t\t\t<\/div>\n\t\t<\/div>\n\t\t\t\t\t\t<\/div>\n\t\t\t\t<\/div>\n\t\t\t\t\t<\/div>\n\t\t\t\t<\/div>\n\t\t\t\t<\/div>\n\t\t","protected":false},"excerpt":{"rendered":"<p>Description Programme Price Reviews Polestar Pilates Exam Polestar Pilates mokymai supa\u017eindina su visais svarbiausiais aspektais, reikalingais norint tapti visapusi\u0161ku ir<\/p>\n","protected":false},"featured_media":704,"comment_status":"open","ping_status":"closed","template":"","meta":{"_acf_changed":false},"product_brand":[],"product_cat":[18],"product_tag":[],"class_list":{"0":"post-1088","1":"product","2":"type-product","3":"status-publish","4":"has-post-thumbnail","6":"product_cat-training","8":"first","9":"instock","10":"sold-individually","11":"shipping-taxable","12":"purchasable","13":"product-type-variable"},"acf":[],"aioseo_notices":[],"_links":{"self":[{"href":"https:\/\/polestarpilates.lt\/en\/wp-json\/wp\/v2\/product\/1088","targetHints":{"allow":["GET"]}}],"collection":[{"href":"https:\/\/polestarpilates.lt\/en\/wp-json\/wp\/v2\/product"}],"about":[{"href":"https:\/\/polestarpilates.lt\/en\/wp-json\/wp\/v2\/types\/product"}],"replies":[{"embeddable":true,"href":"https:\/\/polestarpilates.lt\/en\/wp-json\/wp\/v2\/comments?post=1088"}],"version-history":[{"count":14,"href":"https:\/\/polestarpilates.lt\/en\/wp-json\/wp\/v2\/product\/1088\/revisions"}],"predecessor-version":[{"id":1362,"href":"https:\/\/polestarpilates.lt\/en\/wp-json\/wp\/v2\/product\/1088\/revisions\/1362"}],"wp:featuredmedia":[{"embeddable":true,"href":"https:\/\/polestarpilates.lt\/en\/wp-json\/wp\/v2\/media\/704"}],"wp:attachment":[{"href":"https:\/\/polestarpilates.lt\/en\/wp-json\/wp\/v2\/media?parent=1088"}],"wp:term":[{"taxonomy":"product_brand","embeddable":true,"href":"https:\/\/polestarpilates.lt\/en\/wp-json\/wp\/v2\/product_brand?post=1088"},{"taxonomy":"product_cat","embeddable":true,"href":"https:\/\/polestarpilates.lt\/en\/wp-json\/wp\/v2\/product_cat?post=1088"},{"taxonomy":"product_tag","embeddable":true,"href":"https:\/\/polestarpilates.lt\/en\/wp-json\/wp\/v2\/product_tag?post=1088"}],"curies":[{"name":"wp","href":"https:\/\/api.w.org\/{rel}","templated":true}]}}